{"id":801,"date":"2022-07-04T22:40:06","date_gmt":"2022-07-04T22:40:06","guid":{"rendered":"https:\/\/vulvaberlin.de\/?page_id=801"},"modified":"2025-11-15T18:44:53","modified_gmt":"2025-11-15T18:44:53","slug":"impressum","status":"publish","type":"page","link":"https:\/\/vulvaberlin.de\/en\/impressum\/","title":{"rendered":"impint"},"content":{"rendered":"<div data-elementor-type=\"wp-page\" data-elementor-id=\"801\" class=\"elementor elementor-801\">\n\t\t\t\t<div class=\"elementor-element elementor-element-507c579 e-flex e-con-boxed e-con e-parent\" data-id=\"507c579\" data-element_type=\"container\">\n\t\t\t\t\t<div class=\"e-con-inner\">\n\t\t<div class=\"elementor-element elementor-element-7ab0683 e-con-full e-flex e-con e-child\" data-id=\"7ab0683\" data-element_type=\"container\">\n\t\t\t\t<div class=\"elementor-element elementor-element-7ea0d31 elementor-align-left elementor-widget elementor-widget-button\" data-id=\"7ea0d31\" data-element_type=\"widget\" data-widget_type=\"button.default\">\n\t\t\t\t<div class=\"elementor-widget-container\">\n\t\t\t\t\t\t\t\t\t<div class=\"elementor-button-wrapper\">\n\t\t\t\t\t<a class=\"elementor-button elementor-button-link elementor-size-sm\" href=\"https:\/\/vulvaberlin.de\/en\/datenschutz\/\">\n\t\t\t\t\t\t<span class=\"elementor-button-content-wrapper\">\n\t\t\t\t\t\t<span class=\"elementor-button-icon\">\n\t\t\t\t<i aria-hidden=\"true\" class=\"fas fa-long-arrow-alt-left\"><\/i>\t\t\t<\/span>\n\t\t\t\t\t\t\t\t\t<span class=\"elementor-button-text\">zur\u00fcck<\/span>\n\t\t\t\t\t<\/span>\n\t\t\t\t\t<\/a>\n\t\t\t\t<\/div>\n\t\t\t\t\t\t\t\t<\/div>\n\t\t\t\t<\/div>\n\t\t\t\t<div class=\"elementor-element elementor-element-e15ccac elementor-widget elementor-widget-heading\" data-id=\"e15ccac\" data-element_type=\"widget\" data-widget_type=\"heading.default\">\n\t\t\t\t<div class=\"elementor-widget-container\">\n\t\t\t\t\t<h1 class=\"elementor-heading-title elementor-size-default\">impint<\/h1>\t\t\t\t<\/div>\n\t\t\t\t<\/div>\n\t\t\t\t<div class=\"elementor-element elementor-element-ac73568 elementor-widget elementor-widget-text-editor\" data-id=\"ac73568\" data-element_type=\"widget\" data-widget_type=\"text-editor.default\">\n\t\t\t\t<div class=\"elementor-widget-container\">\n\t\t\t\t\t\t\t\t\t<p>Inhaltlich verantwortlich gem\u00e4\u00df \u00a7 55 Abs. 2 RStV ist<br \/>Anja Freye\u00a0<br \/>Falckensteinstr.\u00a0 26<br \/>10997 Berlin<br \/>St.Nr. 14\/544\/00445<\/p><p>\u2028mail@vulvaberlinde<\/p><p>Fotografie: Marlene Gawrisch, Anja Freye\u2028<br \/>Logo: Katja Fischer<br \/>\u2028Webseite: Tine Breuer<\/p><p>HAFTUNGSHINWEIS<br \/>Trotz sorgf\u00e4ltiger inhaltlicher Kontrolle \u00fcbernehme ich keine Haftung f\u00fcr die Inhalte externer Links.\u2028F\u00fcr den Inhalt der verlinkten Seiten sind ausschlie\u00dflich deren Betreiber verantwortlich.<\/p><p>COPYRIGHTHINWEIS<br \/>Alle auf dieser Internetpr\u00e4senz verwendeten Texte, Fotos und Grafiken sind\u2028urheberrechtlich gesch\u00fctzt.\u2028Das Urheberrecht liegt, soweit nicht ausdr\u00fccklich anders gekennzeichnet, bei Tine Breuer.\u2028Wenden Sie sich bitte an mich, sollten Sie Teile hiervon verwenden wollen. Soweit\u2028Inhalte auf dieser Seite nicht von mir erstellt wurden, werden die Urheberrechte\u2028Dritter beachtet. Inhalte Dritter werden als solche gekennzeichnet. Sollten Sie trotzdem\u2028auf eine Urheberrechtsverletzung aufmerksam werden, bitte ich um einen Hinweis. \u2028Ich werde entsprechende Inhalte umgehend entfernen.<\/p>\t\t\t\t\t\t\t\t<\/div>\n\t\t\t\t<\/div>\n\t\t\t\t<\/div>\n\t\t\t\t\t<\/div>\n\t\t\t\t<\/div>\n\t\t\t\t<\/div>","protected":false},"excerpt":{"rendered":"<p>zur\u00fcck Impressum Inhaltlich verantwortlich gem\u00e4\u00df \u00a7 55 Abs. 2 RStV istAnja Freye\u00a0Falckensteinstr.\u00a0 2610997 BerlinSt.Nr. 14\/544\/00445 \u2028mail@vulvaberlinde Fotografie: Marlene Gawrisch, Anja Freye\u2028Logo: Katja Fischer\u2028Webseite: Tine Breuer HAFTUNGSHINWEISTrotz sorgf\u00e4ltiger inhaltlicher Kontrolle \u00fcbernehme ich keine Haftung f\u00fcr die Inhalte externer Links.\u2028F\u00fcr den Inhalt der verlinkten Seiten sind ausschlie\u00dflich deren Betreiber verantwortlich. COPYRIGHTHINWEISAlle auf dieser Internetpr\u00e4senz verwendeten Texte, Fotos [&hellip;]<\/p>","protected":false},"author":1,"featured_media":0,"parent":0,"menu_order":0,"comment_status":"closed","ping_status":"closed","template":"elementor_canvas","meta":{"footnotes":""},"class_list":["post-801","page","type-page","status-publish","hentry"],"yoast_head":"<!-- This site is optimized with the Yoast SEO plugin v27.6 - https:\/\/yoast.com\/product\/yoast-seo-wordpress\/ -->\n<title>Impressum - Vulva Abdruck Berlin<\/title>\n<meta name=\"robots\" content=\"noindex, nofollow\" \/>\n<meta name=\"twitter:label1\" content=\"Estimated reading time\" \/>\n\t<meta name=\"twitter:data1\" content=\"1 minute\" \/>\n<script type=\"application\/ld+json\" class=\"yoast-schema-graph\">{\"@context\":\"https:\\\/\\\/schema.org\",\"@graph\":[{\"@type\":\"WebPage\",\"@id\":\"https:\\\/\\\/vulvaberlin.de\\\/impressum\\\/\",\"url\":\"https:\\\/\\\/vulvaberlin.de\\\/impressum\\\/\",\"name\":\"Impressum - Vulva Abdruck Berlin\",\"isPartOf\":{\"@id\":\"https:\\\/\\\/vulvaberlin.de\\\/#website\"},\"datePublished\":\"2022-07-04T22:40:06+00:00\",\"dateModified\":\"2025-11-15T18:44:53+00:00\",\"breadcrumb\":{\"@id\":\"https:\\\/\\\/vulvaberlin.de\\\/impressum\\\/#breadcrumb\"},\"inLanguage\":\"en-GB\",\"potentialAction\":[{\"@type\":\"ReadAction\",\"target\":[\"https:\\\/\\\/vulvaberlin.de\\\/impressum\\\/\"]}]},{\"@type\":\"BreadcrumbList\",\"@id\":\"https:\\\/\\\/vulvaberlin.de\\\/impressum\\\/#breadcrumb\",\"itemListElement\":[{\"@type\":\"ListItem\",\"position\":1,\"name\":\"Startseite\",\"item\":\"https:\\\/\\\/vulvaberlin.de\\\/\"},{\"@type\":\"ListItem\",\"position\":2,\"name\":\"Impressum\"}]},{\"@type\":\"WebSite\",\"@id\":\"https:\\\/\\\/vulvaberlin.de\\\/#website\",\"url\":\"https:\\\/\\\/vulvaberlin.de\\\/\",\"name\":\"Vulva Abdruck Berlin\",\"description\":\"Vulva Abdruck Berlin\",\"publisher\":{\"@id\":\"https:\\\/\\\/vulvaberlin.de\\\/#organization\"},\"potentialAction\":[{\"@type\":\"SearchAction\",\"target\":{\"@type\":\"EntryPoint\",\"urlTemplate\":\"https:\\\/\\\/vulvaberlin.de\\\/?s={search_term_string}\"},\"query-input\":{\"@type\":\"PropertyValueSpecification\",\"valueRequired\":true,\"valueName\":\"search_term_string\"}}],\"inLanguage\":\"en-GB\"},{\"@type\":\"Organization\",\"@id\":\"https:\\\/\\\/vulvaberlin.de\\\/#organization\",\"name\":\"vulvaberlin\",\"url\":\"https:\\\/\\\/vulvaberlin.de\\\/\",\"logo\":{\"@type\":\"ImageObject\",\"inLanguage\":\"en-GB\",\"@id\":\"https:\\\/\\\/vulvaberlin.de\\\/#\\\/schema\\\/logo\\\/image\\\/\",\"url\":\"https:\\\/\\\/vulvaberlin.de\\\/wp-content\\\/uploads\\\/2022\\\/07\\\/vulvaberlin_zweizeilig_flaeche.png\",\"contentUrl\":\"https:\\\/\\\/vulvaberlin.de\\\/wp-content\\\/uploads\\\/2022\\\/07\\\/vulvaberlin_zweizeilig_flaeche.png\",\"width\":507,\"height\":227,\"caption\":\"vulvaberlin\"},\"image\":{\"@id\":\"https:\\\/\\\/vulvaberlin.de\\\/#\\\/schema\\\/logo\\\/image\\\/\"},\"sameAs\":[\"https:\\\/\\\/www.instagram.com\\\/vulvaberlin\\\/?hl=de\"]}]}<\/script>\n<!-- \/ Yoast SEO plugin. -->","yoast_head_json":{"title":"Impressum - Vulva Abdruck Berlin","robots":{"index":"noindex","follow":"nofollow"},"twitter_misc":{"Estimated reading time":"1 minute"},"schema":{"@context":"https:\/\/schema.org","@graph":[{"@type":"WebPage","@id":"https:\/\/vulvaberlin.de\/impressum\/","url":"https:\/\/vulvaberlin.de\/impressum\/","name":"Impressum - Vulva Abdruck Berlin","isPartOf":{"@id":"https:\/\/vulvaberlin.de\/#website"},"datePublished":"2022-07-04T22:40:06+00:00","dateModified":"2025-11-15T18:44:53+00:00","breadcrumb":{"@id":"https:\/\/vulvaberlin.de\/impressum\/#breadcrumb"},"inLanguage":"en-GB","potentialAction":[{"@type":"ReadAction","target":["https:\/\/vulvaberlin.de\/impressum\/"]}]},{"@type":"BreadcrumbList","@id":"https:\/\/vulvaberlin.de\/impressum\/#breadcrumb","itemListElement":[{"@type":"ListItem","position":1,"name":"Startseite","item":"https:\/\/vulvaberlin.de\/"},{"@type":"ListItem","position":2,"name":"Impressum"}]},{"@type":"WebSite","@id":"https:\/\/vulvaberlin.de\/#website","url":"https:\/\/vulvaberlin.de\/","name":"vulva print berlin","description":"vulva print berlin","publisher":{"@id":"https:\/\/vulvaberlin.de\/#organization"},"potentialAction":[{"@type":"SearchAction","target":{"@type":"EntryPoint","urlTemplate":"https:\/\/vulvaberlin.de\/?s={search_term_string}"},"query-input":{"@type":"PropertyValueSpecification","valueRequired":true,"valueName":"search_term_string"}}],"inLanguage":"en-GB"},{"@type":"Organization","@id":"https:\/\/vulvaberlin.de\/#organization","name":"vulvaberlin","url":"https:\/\/vulvaberlin.de\/","logo":{"@type":"ImageObject","inLanguage":"en-GB","@id":"https:\/\/vulvaberlin.de\/#\/schema\/logo\/image\/","url":"https:\/\/vulvaberlin.de\/wp-content\/uploads\/2022\/07\/vulvaberlin_zweizeilig_flaeche.png","contentUrl":"https:\/\/vulvaberlin.de\/wp-content\/uploads\/2022\/07\/vulvaberlin_zweizeilig_flaeche.png","width":507,"height":227,"caption":"vulvaberlin"},"image":{"@id":"https:\/\/vulvaberlin.de\/#\/schema\/logo\/image\/"},"sameAs":["https:\/\/www.instagram.com\/vulvaberlin\/?hl=de"]}]}},"_links":{"self":[{"href":"https:\/\/vulvaberlin.de\/en\/wp-json\/wp\/v2\/pages\/801","targetHints":{"allow":["GET"]}}],"collection":[{"href":"https:\/\/vulvaberlin.de\/en\/wp-json\/wp\/v2\/pages"}],"about":[{"href":"https:\/\/vulvaberlin.de\/en\/wp-json\/wp\/v2\/types\/page"}],"author":[{"embeddable":true,"href":"https:\/\/vulvaberlin.de\/en\/wp-json\/wp\/v2\/users\/1"}],"replies":[{"embeddable":true,"href":"https:\/\/vulvaberlin.de\/en\/wp-json\/wp\/v2\/comments?post=801"}],"version-history":[{"count":3,"href":"https:\/\/vulvaberlin.de\/en\/wp-json\/wp\/v2\/pages\/801\/revisions"}],"predecessor-version":[{"id":1503,"href":"https:\/\/vulvaberlin.de\/en\/wp-json\/wp\/v2\/pages\/801\/revisions\/1503"}],"wp:attachment":[{"href":"https:\/\/vulvaberlin.de\/en\/wp-json\/wp\/v2\/media?parent=801"}],"curies":[{"name":"wp","href":"https:\/\/api.w.org\/{rel}","templated":true}]}}